{"id":7412,"date":"2018-08-07T12:20:20","date_gmt":"2018-08-07T12:20:20","guid":{"rendered":"https:\/\/www.ivir.nl\/?page_id=7412"},"modified":"2018-09-04T08:53:10","modified_gmt":"2018-09-04T08:53:10","slug":"list-of-speakers","status":"publish","type":"page","link":"https:\/\/www.ivir.nl\/nl\/conference-protection-and-safety-of-journalists\/list-of-speakers\/","title":{"rendered":"List of speakers"},"content":{"rendered":"<p style=\"text-align: center;\"><strong>Protection of Journalism and Safety of Journalists:<\/strong><br \/>\n<strong>from a Chilling to an Enabling Environment<\/strong><\/p>\n<p style=\"text-align: center;\"><strong>IViR Conference, 5 September 2018<\/strong><br \/>\n<strong>Amsterdam Law School<\/strong><\/p>\n<table>\n<tbody>\n<tr>\n<td width=\"170\"><strong>Name<\/strong><\/td>\n<td width=\"431\"><strong>Title\/affiliation<\/strong><\/td>\n<\/tr>\n<tr>\n<td width=\"170\">Jennifer Adams<\/td>\n<td width=\"431\">Office of the OSCE Representative on Freedom of the Media<\/td>\n<\/tr>\n<tr>\n<td width=\"170\">Onur Andreotti<\/td>\n<td width=\"431\">Jurisconsult Directorate, European Court of Human Rights<\/td>\n<\/tr>\n<tr>\n<td width=\"170\">Thomas Bruning<\/td>\n<td width=\"431\">General Secretary, Dutch Association of Journalists<\/td>\n<\/tr>\n<tr>\n<td width=\"170\">Ba\u015fak \u00c7al\u0131<\/td>\n<td width=\"431\">Professor of International Law, Hertie School of Governance; Chair, European Implementation Network<\/td>\n<\/tr>\n<tr>\n<td width=\"170\">Silvia Chocarro<\/td>\n<td width=\"431\">IFEX Global Advocacy Strategist<\/td>\n<\/tr>\n<tr>\n<td width=\"170\">Ricardo Guti\u00e9rrez<\/td>\n<td width=\"431\">General Secretary, European Federation of Journalists<\/td>\n<\/tr>\n<tr>\n<td width=\"170\">Jackie Harrison<\/td>\n<td width=\"431\">Professor, UNESCO Chair in Media Freedom, Journalism Safety and the Issue of Impunity; Chair, Centre for Freedom of the Media (CFOM), University of Sheffield<\/td>\n<\/tr>\n<tr>\n<td width=\"170\">William Horsley<\/td>\n<td width=\"431\">Vice-President, Association of European Journalists; International Director, CFOM, University of Sheffield<\/td>\n<\/tr>\n<tr>\n<td width=\"170\">Jonathan McCully<\/td>\n<td width=\"431\">Legal Adviser, Digital Freedom Fund<\/td>\n<\/tr>\n<tr>\n<td width=\"170\">Tarlach McGonagle<\/td>\n<td width=\"431\">Senior researcher\/lecturer, IVIR<\/td>\n<\/tr>\n<tr>\n<td width=\"170\">Suzanne Poppelaars<\/td>\n<td width=\"431\">Assistant professor, Faculty of Law, Radboud University<\/td>\n<\/tr>\n<tr>\n<td width=\"170\">Albana Shala<\/td>\n<td width=\"431\">Chair, UNESCO International Programme for the Development of Communication Council; Free Press Unlimited<\/td>\n<\/tr>\n<tr>\n<td width=\"170\">Gijs van Til<\/td>\n<td width=\"431\">Project researcher, IViR<\/td>\n<\/tr>\n<tr>\n<td width=\"170\">Leon Trapman<\/td>\n<td width=\"431\">Research master student, IViR<\/td>\n<\/tr>\n<tr>\n<td width=\"170\">Barbara Trionfi<\/td>\n<td width=\"431\">Executive Director, International Press Institute (IPI)<\/td>\n<\/tr>\n<tr>\n<td width=\"170\">Ur\u0161ka Umek<\/td>\n<td width=\"431\">Head of Media Unit, Information Society Department, Council of Europe<\/td>\n<\/tr>\n<tr>\n<td width=\"170\">Otto Volgenant<\/td>\n<td width=\"431\">Partner, Boekx Advocaten<\/td>\n<\/tr>\n<tr>\n<td width=\"170\">Leon Willems<\/td>\n<td width=\"431\">Director, Free Press Unlimited<\/td>\n<\/tr>\n<\/tbody>\n<\/table>\n","protected":false},"excerpt":{"rendered":"<p>Protection of Journalism and Safety of Journalists: from a Chilling to an Enabling Environment IViR Conference, 5 September 2018 Amsterdam Law School Name Title\/affiliation Jennifer Adams Office of the OSCE Representative on Freedom of the Media Onur Andreotti Jurisconsult Directorate, European Court of Human Rights Thomas Bruning General Secretary, Dutch Association of Journalists Ba\u015fak \u00c7al\u0131&hellip; <a class=\"more-link\" href=\"https:\/\/www.ivir.nl\/nl\/conference-protection-and-safety-of-journalists\/list-of-speakers\/\">Continue reading <span class=\"screen-reader-text\">List of speakers<\/span><\/a><\/p>\n","protected":false},"author":422,"featured_media":0,"parent":7399,"menu_order":2,"comment_status":"closed","ping_status":"closed","template":"","meta":{"_acf_changed":false,"footnotes":""},"class_list":["post-7412","page","type-page","status-publish","hentry","entry"],"acf":[],"yoast_head":"<!-- This site is optimized with the Yoast SEO plugin v27.3 - https:\/\/yoast.com\/product\/yoast-seo-wordpress\/ -->\n<title>List of speakers - IVIR<\/title>\n<meta name=\"robots\" content=\"index, follow, max-snippet:-1, max-image-preview:large, max-video-preview:-1\" \/>\n<link rel=\"canonical\" href=\"https:\/\/www.ivir.nl\/nl\/all\/conference-protection-and-safety-of-journalists\/list-of-speakers\/\" \/>\n<meta property=\"og:locale\" content=\"nl_NL\" \/>\n<meta property=\"og:type\" content=\"article\" \/>\n<meta property=\"og:title\" content=\"List of speakers - IVIR\" \/>\n<meta property=\"og:description\" content=\"Protection of Journalism and Safety of Journalists: from a Chilling to an Enabling Environment IViR Conference, 5 September 2018 Amsterdam Law School Name Title\/affiliation Jennifer Adams Office of the OSCE Representative on Freedom of the Media Onur Andreotti Jurisconsult Directorate, European Court of Human Rights Thomas Bruning General Secretary, Dutch Association of Journalists Ba\u015fak \u00c7al\u0131&hellip; Continue reading List of speakers\" \/>\n<meta property=\"og:url\" content=\"https:\/\/www.ivir.nl\/nl\/all\/conference-protection-and-safety-of-journalists\/list-of-speakers\/\" \/>\n<meta property=\"og:site_name\" content=\"IVIR\" \/>\n<meta property=\"article:modified_time\" content=\"2018-09-04T08:53:10+00:00\" \/>\n<meta name=\"twitter:card\" content=\"summary_large_image\" \/>\n<meta name=\"twitter:site\" content=\"@ivir_uva\" \/>\n<meta name=\"twitter:label1\" content=\"Geschatte leestijd\" \/>\n\t<meta name=\"twitter:data1\" content=\"1 minuut\" \/>\n<script type=\"application\/ld+json\" class=\"yoast-schema-graph\">{\"@context\":\"https:\\\/\\\/schema.org\",\"@graph\":[{\"@type\":\"WebPage\",\"@id\":\"https:\\\/\\\/www.ivir.nl\\\/nl\\\/all\\\/conference-protection-and-safety-of-journalists\\\/list-of-speakers\\\/\",\"url\":\"https:\\\/\\\/www.ivir.nl\\\/nl\\\/all\\\/conference-protection-and-safety-of-journalists\\\/list-of-speakers\\\/\",\"name\":\"List of speakers - IVIR\",\"isPartOf\":{\"@id\":\"https:\\\/\\\/www.ivir.nl\\\/#website\"},\"datePublished\":\"2018-08-07T12:20:20+00:00\",\"dateModified\":\"2018-09-04T08:53:10+00:00\",\"breadcrumb\":{\"@id\":\"https:\\\/\\\/www.ivir.nl\\\/nl\\\/all\\\/conference-protection-and-safety-of-journalists\\\/list-of-speakers\\\/#breadcrumb\"},\"inLanguage\":\"nl-NL\",\"potentialAction\":[{\"@type\":\"ReadAction\",\"target\":[\"https:\\\/\\\/www.ivir.nl\\\/nl\\\/all\\\/conference-protection-and-safety-of-journalists\\\/list-of-speakers\\\/\"]}]},{\"@type\":\"BreadcrumbList\",\"@id\":\"https:\\\/\\\/www.ivir.nl\\\/nl\\\/all\\\/conference-protection-and-safety-of-journalists\\\/list-of-speakers\\\/#breadcrumb\",\"itemListElement\":[{\"@type\":\"ListItem\",\"position\":1,\"name\":\"Home\",\"item\":\"https:\\\/\\\/www.ivir.nl\\\/nl\\\/\"},{\"@type\":\"ListItem\",\"position\":2,\"name\":\"Conference: Protection of Journalism and Safety of Journalists: From a Chilling to an Enabling Environment\",\"item\":\"https:\\\/\\\/www.ivir.nl\\\/nl\\\/all\\\/conference-protection-and-safety-of-journalists\\\/\"},{\"@type\":\"ListItem\",\"position\":3,\"name\":\"List of speakers\"}]},{\"@type\":\"WebSite\",\"@id\":\"https:\\\/\\\/www.ivir.nl\\\/#website\",\"url\":\"https:\\\/\\\/www.ivir.nl\\\/\",\"name\":\"IVIR\",\"description\":\"Universiteit van Amsterdam\",\"publisher\":{\"@id\":\"https:\\\/\\\/www.ivir.nl\\\/#organization\"},\"alternateName\":\"Institute for Information Law\",\"potentialAction\":[{\"@type\":\"SearchAction\",\"target\":{\"@type\":\"EntryPoint\",\"urlTemplate\":\"https:\\\/\\\/www.ivir.nl\\\/?s={search_term_string}\"},\"query-input\":{\"@type\":\"PropertyValueSpecification\",\"valueRequired\":true,\"valueName\":\"search_term_string\"}}],\"inLanguage\":\"nl-NL\"},{\"@type\":\"Organization\",\"@id\":\"https:\\\/\\\/www.ivir.nl\\\/#organization\",\"name\":\"Institute for Information Law\",\"alternateName\":\"IVIR\",\"url\":\"https:\\\/\\\/www.ivir.nl\\\/\",\"logo\":{\"@type\":\"ImageObject\",\"inLanguage\":\"nl-NL\",\"@id\":\"https:\\\/\\\/www.ivir.nl\\\/#\\\/schema\\\/logo\\\/image\\\/\",\"url\":\"https:\\\/\\\/www.ivir.nl\\\/publicaties\\\/download\\\/IVIR_2023_LOGO-hoog.svg\",\"contentUrl\":\"https:\\\/\\\/www.ivir.nl\\\/publicaties\\\/download\\\/IVIR_2023_LOGO-hoog.svg\",\"width\":1,\"height\":1,\"caption\":\"Institute for Information Law\"},\"image\":{\"@id\":\"https:\\\/\\\/www.ivir.nl\\\/#\\\/schema\\\/logo\\\/image\\\/\"},\"sameAs\":[\"https:\\\/\\\/x.com\\\/ivir_uva\",\"https:\\\/\\\/www.linkedin.com\\\/company\\\/institute-for-information-law-ivir-\\\/\",\"https:\\\/\\\/bsky.app\\\/profile\\\/ivir-uva.bsky.social\"]}]}<\/script>\n<!-- \/ Yoast SEO plugin. -->","yoast_head_json":{"title":"List of speakers - IVIR","robots":{"index":"index","follow":"follow","max-snippet":"max-snippet:-1","max-image-preview":"max-image-preview:large","max-video-preview":"max-video-preview:-1"},"canonical":"https:\/\/www.ivir.nl\/nl\/all\/conference-protection-and-safety-of-journalists\/list-of-speakers\/","og_locale":"nl_NL","og_type":"article","og_title":"List of speakers - IVIR","og_description":"Protection of Journalism and Safety of Journalists: from a Chilling to an Enabling Environment IViR Conference, 5 September 2018 Amsterdam Law School Name Title\/affiliation Jennifer Adams Office of the OSCE Representative on Freedom of the Media Onur Andreotti Jurisconsult Directorate, European Court of Human Rights Thomas Bruning General Secretary, Dutch Association of Journalists Ba\u015fak \u00c7al\u0131&hellip; Continue reading List of speakers","og_url":"https:\/\/www.ivir.nl\/nl\/all\/conference-protection-and-safety-of-journalists\/list-of-speakers\/","og_site_name":"IVIR","article_modified_time":"2018-09-04T08:53:10+00:00","twitter_card":"summary_large_image","twitter_site":"@ivir_uva","twitter_misc":{"Geschatte leestijd":"1 minuut"},"schema":{"@context":"https:\/\/schema.org","@graph":[{"@type":"WebPage","@id":"https:\/\/www.ivir.nl\/nl\/all\/conference-protection-and-safety-of-journalists\/list-of-speakers\/","url":"https:\/\/www.ivir.nl\/nl\/all\/conference-protection-and-safety-of-journalists\/list-of-speakers\/","name":"List of speakers - IVIR","isPartOf":{"@id":"https:\/\/www.ivir.nl\/#website"},"datePublished":"2018-08-07T12:20:20+00:00","dateModified":"2018-09-04T08:53:10+00:00","breadcrumb":{"@id":"https:\/\/www.ivir.nl\/nl\/all\/conference-protection-and-safety-of-journalists\/list-of-speakers\/#breadcrumb"},"inLanguage":"nl-NL","potentialAction":[{"@type":"ReadAction","target":["https:\/\/www.ivir.nl\/nl\/all\/conference-protection-and-safety-of-journalists\/list-of-speakers\/"]}]},{"@type":"BreadcrumbList","@id":"https:\/\/www.ivir.nl\/nl\/all\/conference-protection-and-safety-of-journalists\/list-of-speakers\/#breadcrumb","itemListElement":[{"@type":"ListItem","position":1,"name":"Home","item":"https:\/\/www.ivir.nl\/nl\/"},{"@type":"ListItem","position":2,"name":"Conference: Protection of Journalism and Safety of Journalists: From a Chilling to an Enabling Environment","item":"https:\/\/www.ivir.nl\/nl\/all\/conference-protection-and-safety-of-journalists\/"},{"@type":"ListItem","position":3,"name":"List of speakers"}]},{"@type":"WebSite","@id":"https:\/\/www.ivir.nl\/#website","url":"https:\/\/www.ivir.nl\/","name":"IVIR","description":"Universiteit van Amsterdam","publisher":{"@id":"https:\/\/www.ivir.nl\/#organization"},"alternateName":"Institute for Information Law","potentialAction":[{"@type":"SearchAction","target":{"@type":"EntryPoint","urlTemplate":"https:\/\/www.ivir.nl\/?s={search_term_string}"},"query-input":{"@type":"PropertyValueSpecification","valueRequired":true,"valueName":"search_term_string"}}],"inLanguage":"nl-NL"},{"@type":"Organization","@id":"https:\/\/www.ivir.nl\/#organization","name":"Institute for Information Law","alternateName":"IVIR","url":"https:\/\/www.ivir.nl\/","logo":{"@type":"ImageObject","inLanguage":"nl-NL","@id":"https:\/\/www.ivir.nl\/#\/schema\/logo\/image\/","url":"https:\/\/www.ivir.nl\/publicaties\/download\/IVIR_2023_LOGO-hoog.svg","contentUrl":"https:\/\/www.ivir.nl\/publicaties\/download\/IVIR_2023_LOGO-hoog.svg","width":1,"height":1,"caption":"Institute for Information Law"},"image":{"@id":"https:\/\/www.ivir.nl\/#\/schema\/logo\/image\/"},"sameAs":["https:\/\/x.com\/ivir_uva","https:\/\/www.linkedin.com\/company\/institute-for-information-law-ivir-\/","https:\/\/bsky.app\/profile\/ivir-uva.bsky.social"]}]}},"_links":{"self":[{"href":"https:\/\/www.ivir.nl\/nl\/wp-json\/wp\/v2\/pages\/7412","targetHints":{"allow":["GET"]}}],"collection":[{"href":"https:\/\/www.ivir.nl\/nl\/wp-json\/wp\/v2\/pages"}],"about":[{"href":"https:\/\/www.ivir.nl\/nl\/wp-json\/wp\/v2\/types\/page"}],"author":[{"embeddable":true,"href":"https:\/\/www.ivir.nl\/nl\/wp-json\/wp\/v2\/users\/422"}],"replies":[{"embeddable":true,"href":"https:\/\/www.ivir.nl\/nl\/wp-json\/wp\/v2\/comments?post=7412"}],"version-history":[{"count":8,"href":"https:\/\/www.ivir.nl\/nl\/wp-json\/wp\/v2\/pages\/7412\/revisions"}],"predecessor-version":[{"id":7508,"href":"https:\/\/www.ivir.nl\/nl\/wp-json\/wp\/v2\/pages\/7412\/revisions\/7508"}],"up":[{"embeddable":true,"href":"https:\/\/www.ivir.nl\/nl\/wp-json\/wp\/v2\/pages\/7399"}],"wp:attachment":[{"href":"https:\/\/www.ivir.nl\/nl\/wp-json\/wp\/v2\/media?parent=7412"}],"curies":[{"name":"wp","href":"https:\/\/api.w.org\/{rel}","templated":true}]}}