{"id":7399,"date":"2018-08-07T12:11:25","date_gmt":"2018-08-07T12:11:25","guid":{"rendered":"https:\/\/www.ivir.nl\/?page_id=7399"},"modified":"2018-09-04T08:49:24","modified_gmt":"2018-09-04T08:49:24","slug":"conference-protection-and-safety-of-journalists","status":"publish","type":"page","link":"https:\/\/www.ivir.nl\/nl\/conference-protection-and-safety-of-journalists\/","title":{"rendered":"Conference: Protection of Journalism and Safety of Journalists: From a Chilling to an Enabling Environment"},"content":{"rendered":"<p style=\"text-align: center;\"><strong>5 September 2018<br \/>\nIViR Room, 5th floor, REC A<br \/>\nAmsterdam Law School<\/strong><\/p>\n<p>This conference will be the closing event of the project, <a href=\"https:\/\/www.ivir.nl\/projects\/auditoffreedomofexpression\/\">Audit of freedom of expression in the Netherlands<\/a>. The project and conference centrally concern the need to ensure the effective implementation of <a href=\"https:\/\/search.coe.int\/cm\/Pages\/result_details.aspx?ObjectId=09000016806415d9\">Recommendation CM\/Rec(2016)4 of the Council of Europe\u2019s Committee of Ministers to member States on the protection of journalism and safety of journalists and other media actors<\/a>, with a particular focus on the Netherlands. A main aim of the project and conference is to stimulate, inform and guide further reflection and public debate about the need to strengthen the existing law and policy framework for freedom of expression on European and national levels.<\/p>\n<p>The conference will examine the prevalence throughout Europe of measures and actions that threaten the freedom and safety of journalists and others who wish to contribute to public debate, resulting in a grave chilling effect on freedom of expression. Safety-related issues will feature centrally in this examination: killings, attacks, threats, harassment, intimidation and other crimes against journalists. The conference will also explore possible lines of action &#8211; by a range of actors \u2013 aimed at moving towards an enabling environment for freedom of expression and public debate.<\/p>\n<p>For additional information about the conference and the four panels, please see the \u2018<a href=\"https:\/\/www.ivir.nl\/conference-protection-and-safety-of-journalists\/explanatory-note\/\">Explanatory note<\/a>\u2019.<\/p>\n<p>Registration is free-of-charge, but it is required (due to limited space and also for the purposes of catering). If you would like to attend, please send an e-mail to\u00a0<a href=\"mailto:journosafetyconference@ivir.nl\">journosafetyconference@ivir.nl<\/a>\u00a0<strong>by Friday, 31 August.<\/strong><br \/>\nPlease put &#8216;<em>Conference registration<\/em>&#8216; in the subject line and indicate your name and affiliation in the body of the e-mail.<\/p>\n<table border=\"1\" cellspacing=\"1\" cellpadding=\"1\" align=\"center\">\n<thead>\n<tr>\n<th style=\"text-align: left;\" scope=\"col\"><\/th>\n<th style=\"text-align: center;\" scope=\"col\"><strong>Draft Conference Programme<\/strong><\/th>\n<\/tr>\n<\/thead>\n<tbody>\n<tr>\n<td width=\"120\">09.15-09.30<\/td>\n<td><strong>Welcome<\/strong><br \/>\n<a href=\"https:\/\/www.ivir.nl\/employee\/mcgonagle\/\">Tarlach McGonagle<\/a> (IViR)<\/td>\n<\/tr>\n<tr>\n<td>09.30-11.00<\/td>\n<td><strong>Panel I:\u00a0Enhancing the implementation of international and European standards of protection<\/strong><br \/>\nSpeakers: Onur Andreotti (Jurisconsult Directorate, European Court of Human Rights), Ur\u0161ka Umek (Information Society Department, Council of Europe), Ricardo Guti\u00e9rrez (European Federation of Journalists, on behalf of the Platform to promote the protection of journalism and the safety of journalists)\u00a0and Ba\u015fak \u00c7al\u0131 (Hertie School of Governance; European Implementation Network).<\/td>\n<\/tr>\n<tr>\n<td>11.00-11.30<\/td>\n<td>Tea &amp; coffee<\/td>\n<\/tr>\n<tr>\n<td>11.30-13.00<\/td>\n<td><strong>Panel II: Key issues and challenges<\/strong><br \/>\nSpeakers: Gijs van Til (IViR), Jennifer Adams (Office of the OSCE Representative on Freedom of the Media), Jonathan McCully (Digital Freedom Fund), Albana Shala (UNESCO International Programme for the Development of Communication Council and Free Press Unlimited, William Horsley (Association of European Journalists)<\/td>\n<\/tr>\n<tr>\n<td>13.00-14.00<\/td>\n<td>Lunch<\/td>\n<\/tr>\n<tr>\n<td>14.00-15.30<\/td>\n<td><strong>Panel III:\u00a0The Netherlands &#8211; an audit and recommendations<br \/>\n<\/strong>Presentation of recommendations and discussion: <a href=\"https:\/\/www.ivir.nl\/employee\/mcgonagle\/\">Tarlach McGonagle<\/a> (IViR), <a href=\"https:\/\/www.ivir.nl\/employee\/leontrapman\/\">Leon Trapman<\/a> (IViR), Thomas Bruning (Dutch Association of Journalists),\u00a0Otto Volgenant (Boekx Advocaten) and Suzanne Poppelaars (Radboud University, Nijmegen).<\/td>\n<\/tr>\n<tr>\n<td>15.30-16.00<\/td>\n<td>Tea &amp; coffee<\/td>\n<\/tr>\n<tr>\n<td>16.00-17.30<\/td>\n<td><strong>Panel IV: New strategies and new alliances<br \/>\n<\/strong><span style=\"font-family: inherit; font-size: inherit;\">Speakers: Silvia Chocarro (IFEX), Ricardo Guti\u00e9rrez (European Federation of Journalists), Jackie Harrison (Centre for Freedom of the Media, University of Sheffield), Leon Willems (Free Press Unlimited), Barbara Trionfi (International Press Institute)<\/span><strong><br \/>\n<\/strong><\/td>\n<\/tr>\n<tr>\n<td>17.30-17.45<\/td>\n<td><strong>Closing remarks<br \/>\n<\/strong><\/td>\n<\/tr>\n<\/tbody>\n<\/table>\n<p>Conference manager: <a href=\"https:\/\/www.ivir.nl\/employee\/eugeniecoche\/\">Eug\u00e9nie Coche<\/a> (IViR)<br \/>\nConference Twitter hashtag: <a href=\"https:\/\/twitter.com\/search?q=%23IViRJournoConf&amp;src=typd&amp;lang=en\">#IViRJournoConf<\/a><\/p>\n<p style=\"text-align: center;\"><em><br \/>\nThis conference has received funding from the <a href=\"https:\/\/www.stdem.org\/en\/\">Democracy and Media Foundation<\/a>.\u00a0<\/em><\/p>\n<p><a href=\"https:\/\/www.ivir.nl\/publicaties\/download\/logo-sdem.png\"><img loading=\"lazy\" decoding=\"async\" class=\"aligncenter wp-image-6637\" src=\"https:\/\/www.ivir.nl\/publicaties\/download\/logo-sdem.png\" alt=\"\" width=\"210\" height=\"43\" \/><\/a><\/p>\n","protected":false},"excerpt":{"rendered":"<p>5 September 2018 IViR Room, 5th floor, REC A Amsterdam Law School This conference will be the closing event of the project, Audit of freedom of expression in the Netherlands. The project and conference centrally concern the need to ensure the effective implementation of Recommendation CM\/Rec(2016)4 of the Council of Europe\u2019s Committee of Ministers to&hellip; <a class=\"more-link\" href=\"https:\/\/www.ivir.nl\/nl\/conference-protection-and-safety-of-journalists\/\">Continue reading <span class=\"screen-reader-text\">Conference: Protection of Journalism and Safety of Journalists: From a Chilling to an Enabling Environment<\/span><\/a><\/p>\n","protected":false},"author":422,"featured_media":0,"parent":0,"menu_order":0,"comment_status":"closed","ping_status":"closed","template":"","meta":{"_acf_changed":false,"footnotes":""},"class_list":["post-7399","page","type-page","status-publish","hentry","entry"],"acf":[],"yoast_head":"<!-- This site is optimized with the Yoast SEO plugin v27.3 - https:\/\/yoast.com\/product\/yoast-seo-wordpress\/ -->\n<title>Conference: Protection of Journalism and Safety of Journalists: From a Chilling to an Enabling Environment - IVIR<\/title>\n<meta name=\"robots\" content=\"index, follow, max-snippet:-1, max-image-preview:large, max-video-preview:-1\" \/>\n<link rel=\"canonical\" href=\"https:\/\/www.ivir.nl\/nl\/all\/conference-protection-and-safety-of-journalists\/\" \/>\n<meta property=\"og:locale\" content=\"nl_NL\" \/>\n<meta property=\"og:type\" content=\"article\" \/>\n<meta property=\"og:title\" content=\"Conference: Protection of Journalism and Safety of Journalists: From a Chilling to an Enabling Environment - IVIR\" \/>\n<meta property=\"og:description\" content=\"5 September 2018 IViR Room, 5th floor, REC A Amsterdam Law School This conference will be the closing event of the project, Audit of freedom of expression in the Netherlands. The project and conference centrally concern the need to ensure the effective implementation of Recommendation CM\/Rec(2016)4 of the Council of Europe\u2019s Committee of Ministers to&hellip; Continue reading Conference: Protection of Journalism and Safety of Journalists: From a Chilling to an Enabling Environment\" \/>\n<meta property=\"og:url\" content=\"https:\/\/www.ivir.nl\/nl\/all\/conference-protection-and-safety-of-journalists\/\" \/>\n<meta property=\"og:site_name\" content=\"IVIR\" \/>\n<meta property=\"article:modified_time\" content=\"2018-09-04T08:49:24+00:00\" \/>\n<meta property=\"og:image\" content=\"https:\/\/www.ivir.nl\/publicaties\/download\/logo-sdem.png\" \/>\n<meta name=\"twitter:card\" content=\"summary_large_image\" \/>\n<meta name=\"twitter:site\" content=\"@ivir_uva\" \/>\n<meta name=\"twitter:label1\" content=\"Geschatte leestijd\" \/>\n\t<meta name=\"twitter:data1\" content=\"3 minuten\" \/>\n<script type=\"application\/ld+json\" class=\"yoast-schema-graph\">{\"@context\":\"https:\\\/\\\/schema.org\",\"@graph\":[{\"@type\":\"WebPage\",\"@id\":\"https:\\\/\\\/www.ivir.nl\\\/nl\\\/all\\\/conference-protection-and-safety-of-journalists\\\/\",\"url\":\"https:\\\/\\\/www.ivir.nl\\\/nl\\\/all\\\/conference-protection-and-safety-of-journalists\\\/\",\"name\":\"Conference: Protection of Journalism and Safety of Journalists: From a Chilling to an Enabling Environment - IVIR\",\"isPartOf\":{\"@id\":\"https:\\\/\\\/www.ivir.nl\\\/#website\"},\"primaryImageOfPage\":{\"@id\":\"https:\\\/\\\/www.ivir.nl\\\/nl\\\/all\\\/conference-protection-and-safety-of-journalists\\\/#primaryimage\"},\"image\":{\"@id\":\"https:\\\/\\\/www.ivir.nl\\\/nl\\\/all\\\/conference-protection-and-safety-of-journalists\\\/#primaryimage\"},\"thumbnailUrl\":\"https:\\\/\\\/www.ivir.nl\\\/publicaties\\\/download\\\/logo-sdem.png\",\"datePublished\":\"2018-08-07T12:11:25+00:00\",\"dateModified\":\"2018-09-04T08:49:24+00:00\",\"breadcrumb\":{\"@id\":\"https:\\\/\\\/www.ivir.nl\\\/nl\\\/all\\\/conference-protection-and-safety-of-journalists\\\/#breadcrumb\"},\"inLanguage\":\"nl-NL\",\"potentialAction\":[{\"@type\":\"ReadAction\",\"target\":[\"https:\\\/\\\/www.ivir.nl\\\/nl\\\/all\\\/conference-protection-and-safety-of-journalists\\\/\"]}]},{\"@type\":\"ImageObject\",\"inLanguage\":\"nl-NL\",\"@id\":\"https:\\\/\\\/www.ivir.nl\\\/nl\\\/all\\\/conference-protection-and-safety-of-journalists\\\/#primaryimage\",\"url\":\"https:\\\/\\\/www.ivir.nl\\\/publicaties\\\/download\\\/logo-sdem.png\",\"contentUrl\":\"https:\\\/\\\/www.ivir.nl\\\/publicaties\\\/download\\\/logo-sdem.png\"},{\"@type\":\"BreadcrumbList\",\"@id\":\"https:\\\/\\\/www.ivir.nl\\\/nl\\\/all\\\/conference-protection-and-safety-of-journalists\\\/#breadcrumb\",\"itemListElement\":[{\"@type\":\"ListItem\",\"position\":1,\"name\":\"Home\",\"item\":\"https:\\\/\\\/www.ivir.nl\\\/nl\\\/\"},{\"@type\":\"ListItem\",\"position\":2,\"name\":\"Conference: Protection of Journalism and Safety of Journalists: From a Chilling to an Enabling Environment\"}]},{\"@type\":\"WebSite\",\"@id\":\"https:\\\/\\\/www.ivir.nl\\\/#website\",\"url\":\"https:\\\/\\\/www.ivir.nl\\\/\",\"name\":\"IVIR\",\"description\":\"Universiteit van Amsterdam\",\"publisher\":{\"@id\":\"https:\\\/\\\/www.ivir.nl\\\/#organization\"},\"alternateName\":\"Institute for Information Law\",\"potentialAction\":[{\"@type\":\"SearchAction\",\"target\":{\"@type\":\"EntryPoint\",\"urlTemplate\":\"https:\\\/\\\/www.ivir.nl\\\/?s={search_term_string}\"},\"query-input\":{\"@type\":\"PropertyValueSpecification\",\"valueRequired\":true,\"valueName\":\"search_term_string\"}}],\"inLanguage\":\"nl-NL\"},{\"@type\":\"Organization\",\"@id\":\"https:\\\/\\\/www.ivir.nl\\\/#organization\",\"name\":\"Institute for Information Law\",\"alternateName\":\"IVIR\",\"url\":\"https:\\\/\\\/www.ivir.nl\\\/\",\"logo\":{\"@type\":\"ImageObject\",\"inLanguage\":\"nl-NL\",\"@id\":\"https:\\\/\\\/www.ivir.nl\\\/#\\\/schema\\\/logo\\\/image\\\/\",\"url\":\"https:\\\/\\\/www.ivir.nl\\\/publicaties\\\/download\\\/IVIR_2023_LOGO-hoog.svg\",\"contentUrl\":\"https:\\\/\\\/www.ivir.nl\\\/publicaties\\\/download\\\/IVIR_2023_LOGO-hoog.svg\",\"width\":1,\"height\":1,\"caption\":\"Institute for Information Law\"},\"image\":{\"@id\":\"https:\\\/\\\/www.ivir.nl\\\/#\\\/schema\\\/logo\\\/image\\\/\"},\"sameAs\":[\"https:\\\/\\\/x.com\\\/ivir_uva\",\"https:\\\/\\\/www.linkedin.com\\\/company\\\/institute-for-information-law-ivir-\\\/\",\"https:\\\/\\\/bsky.app\\\/profile\\\/ivir-uva.bsky.social\"]}]}<\/script>\n<!-- \/ Yoast SEO plugin. -->","yoast_head_json":{"title":"Conference: Protection of Journalism and Safety of Journalists: From a Chilling to an Enabling Environment - IVIR","robots":{"index":"index","follow":"follow","max-snippet":"max-snippet:-1","max-image-preview":"max-image-preview:large","max-video-preview":"max-video-preview:-1"},"canonical":"https:\/\/www.ivir.nl\/nl\/all\/conference-protection-and-safety-of-journalists\/","og_locale":"nl_NL","og_type":"article","og_title":"Conference: Protection of Journalism and Safety of Journalists: From a Chilling to an Enabling Environment - IVIR","og_description":"5 September 2018 IViR Room, 5th floor, REC A Amsterdam Law School This conference will be the closing event of the project, Audit of freedom of expression in the Netherlands. The project and conference centrally concern the need to ensure the effective implementation of Recommendation CM\/Rec(2016)4 of the Council of Europe\u2019s Committee of Ministers to&hellip; Continue reading Conference: Protection of Journalism and Safety of Journalists: From a Chilling to an Enabling Environment","og_url":"https:\/\/www.ivir.nl\/nl\/all\/conference-protection-and-safety-of-journalists\/","og_site_name":"IVIR","article_modified_time":"2018-09-04T08:49:24+00:00","og_image":[{"url":"https:\/\/www.ivir.nl\/publicaties\/download\/logo-sdem.png","type":"","width":"","height":""}],"twitter_card":"summary_large_image","twitter_site":"@ivir_uva","twitter_misc":{"Geschatte leestijd":"3 minuten"},"schema":{"@context":"https:\/\/schema.org","@graph":[{"@type":"WebPage","@id":"https:\/\/www.ivir.nl\/nl\/all\/conference-protection-and-safety-of-journalists\/","url":"https:\/\/www.ivir.nl\/nl\/all\/conference-protection-and-safety-of-journalists\/","name":"Conference: Protection of Journalism and Safety of Journalists: From a Chilling to an Enabling Environment - IVIR","isPartOf":{"@id":"https:\/\/www.ivir.nl\/#website"},"primaryImageOfPage":{"@id":"https:\/\/www.ivir.nl\/nl\/all\/conference-protection-and-safety-of-journalists\/#primaryimage"},"image":{"@id":"https:\/\/www.ivir.nl\/nl\/all\/conference-protection-and-safety-of-journalists\/#primaryimage"},"thumbnailUrl":"https:\/\/www.ivir.nl\/publicaties\/download\/logo-sdem.png","datePublished":"2018-08-07T12:11:25+00:00","dateModified":"2018-09-04T08:49:24+00:00","breadcrumb":{"@id":"https:\/\/www.ivir.nl\/nl\/all\/conference-protection-and-safety-of-journalists\/#breadcrumb"},"inLanguage":"nl-NL","potentialAction":[{"@type":"ReadAction","target":["https:\/\/www.ivir.nl\/nl\/all\/conference-protection-and-safety-of-journalists\/"]}]},{"@type":"ImageObject","inLanguage":"nl-NL","@id":"https:\/\/www.ivir.nl\/nl\/all\/conference-protection-and-safety-of-journalists\/#primaryimage","url":"https:\/\/www.ivir.nl\/publicaties\/download\/logo-sdem.png","contentUrl":"https:\/\/www.ivir.nl\/publicaties\/download\/logo-sdem.png"},{"@type":"BreadcrumbList","@id":"https:\/\/www.ivir.nl\/nl\/all\/conference-protection-and-safety-of-journalists\/#breadcrumb","itemListElement":[{"@type":"ListItem","position":1,"name":"Home","item":"https:\/\/www.ivir.nl\/nl\/"},{"@type":"ListItem","position":2,"name":"Conference: Protection of Journalism and Safety of Journalists: From a Chilling to an Enabling Environment"}]},{"@type":"WebSite","@id":"https:\/\/www.ivir.nl\/#website","url":"https:\/\/www.ivir.nl\/","name":"IVIR","description":"Universiteit van Amsterdam","publisher":{"@id":"https:\/\/www.ivir.nl\/#organization"},"alternateName":"Institute for Information Law","potentialAction":[{"@type":"SearchAction","target":{"@type":"EntryPoint","urlTemplate":"https:\/\/www.ivir.nl\/?s={search_term_string}"},"query-input":{"@type":"PropertyValueSpecification","valueRequired":true,"valueName":"search_term_string"}}],"inLanguage":"nl-NL"},{"@type":"Organization","@id":"https:\/\/www.ivir.nl\/#organization","name":"Institute for Information Law","alternateName":"IVIR","url":"https:\/\/www.ivir.nl\/","logo":{"@type":"ImageObject","inLanguage":"nl-NL","@id":"https:\/\/www.ivir.nl\/#\/schema\/logo\/image\/","url":"https:\/\/www.ivir.nl\/publicaties\/download\/IVIR_2023_LOGO-hoog.svg","contentUrl":"https:\/\/www.ivir.nl\/publicaties\/download\/IVIR_2023_LOGO-hoog.svg","width":1,"height":1,"caption":"Institute for Information Law"},"image":{"@id":"https:\/\/www.ivir.nl\/#\/schema\/logo\/image\/"},"sameAs":["https:\/\/x.com\/ivir_uva","https:\/\/www.linkedin.com\/company\/institute-for-information-law-ivir-\/","https:\/\/bsky.app\/profile\/ivir-uva.bsky.social"]}]}},"_links":{"self":[{"href":"https:\/\/www.ivir.nl\/nl\/wp-json\/wp\/v2\/pages\/7399","targetHints":{"allow":["GET"]}}],"collection":[{"href":"https:\/\/www.ivir.nl\/nl\/wp-json\/wp\/v2\/pages"}],"about":[{"href":"https:\/\/www.ivir.nl\/nl\/wp-json\/wp\/v2\/types\/page"}],"author":[{"embeddable":true,"href":"https:\/\/www.ivir.nl\/nl\/wp-json\/wp\/v2\/users\/422"}],"replies":[{"embeddable":true,"href":"https:\/\/www.ivir.nl\/nl\/wp-json\/wp\/v2\/comments?post=7399"}],"version-history":[{"count":13,"href":"https:\/\/www.ivir.nl\/nl\/wp-json\/wp\/v2\/pages\/7399\/revisions"}],"predecessor-version":[{"id":7541,"href":"https:\/\/www.ivir.nl\/nl\/wp-json\/wp\/v2\/pages\/7399\/revisions\/7541"}],"wp:attachment":[{"href":"https:\/\/www.ivir.nl\/nl\/wp-json\/wp\/v2\/media?parent=7399"}],"curies":[{"name":"wp","href":"https:\/\/api.w.org\/{rel}","templated":true}]}}