{"id":3637,"date":"2016-10-21T13:41:41","date_gmt":"2016-10-21T13:41:41","guid":{"rendered":"http:\/\/www.ivir.nl\/nl\/over-ons\/documentatiecentrum\/catalogues-databases\/"},"modified":"2019-09-10T12:57:32","modified_gmt":"2019-09-10T12:57:32","slug":"catalogi-databases","status":"publish","type":"page","link":"https:\/\/www.ivir.nl\/nl\/over-ons\/documentatiecentrum\/catalogi-databases\/","title":{"rendered":"Catalogi &#038; databases"},"content":{"rendered":"<p><strong>Catalogi:<\/strong><\/p>\n<p>De boeken en tijdschriften van het Documentatiecentrum zijn opgenomen in de algemene catalogi van de Universiteitsbibliotheek van de Universiteit van Amsterdam. De instituutscode is 312. Het is niet mogelijk om boeken uit het Documentatiecentrum \u00a0te lenen via IBL\u00a0.<\/p>\n<ul>\n<li><strong><a href=\"http:\/\/lib.uva.nl\/primo_library\/libweb\/action\/search.do?vid=UVA\">CataloguePlus<\/a><\/strong><\/li>\n<li><strong><a href=\"http:\/\/opc.uva.nl\/F?local_base=uva&amp;func=find-b-0&amp;con_lng=ned\">Catalogue<\/a><\/strong><\/li>\n<li><strong><a href=\"http:\/\/picarta.nl\/\">Picarta<\/a><\/strong> (nationale catalogus)<\/li>\n<\/ul>\n<p><strong>Relevante databases:<\/strong><\/p>\n<ul>\n<li><strong><a href=\"http:\/\/databases.uba.uva.nl\/db\/626\">Beck-online<\/a><\/strong>:<br \/>\nGeeft tot vrijwel alle (Duitstalige) juridische uitgaven van C.H. Beck Verlag en enkele andere uitgevers (o.a. Nomos). Het bevat gezaghebbende commentaren en handboeken, nagenoeg alle door Beck uitgegeven tijdschriften met archief, jurisprudentie en wetgeving.<\/li>\n<li><strong><a href=\"http:\/\/databases.uba.uva.nl\/db\/334\">BJu tijdschriften<\/a><\/strong>:<br \/>\nRuim 6000 juridisch-wetenschappelijke artikelen op de rechtsgebieden burgerlijk recht, burgerlijk procesrecht, mediation, herstelrecht, arbeidsrecht, ondernemingsrecht, erfrecht, estate planning, strafrecht en criminologie.<\/li>\n<li><strong><a href=\"http:\/\/curia.europa.eu\/jcms\/jcms\/j_6\/nl\/\">CURIA<\/a><\/strong>:<br \/>\nDatabase met rechtspraak van het Europese Hof van Justitie.<\/li>\n<li><strong><a href=\"http:\/\/databases.uba.uva.nl\/db\/673\">EUR-lex<\/a><\/strong>:<br \/>\nToegang tot het recht van de Europese Unie: Publicatieblad, (geconsolideerde) wetgeving, jurisprudentie, wetsvoorstellen en de verdragen. Bevat bibliografische gegevens met o.a. nationale omzettingsmaatregelen, wetsgeschiedenis, rechtsgeleerde noten bij een uitspraak en meer.<\/li>\n<li><strong><a href=\"https:\/\/scholar.google.nl\/\">Google Scholar<\/a><\/strong>:<br \/>\nZoekmachine voor wetenschappelijke publicaties.<\/li>\n<li><strong><a href=\"http:\/\/databases.uba.uva.nl\/db\/562\">HeinOnline<\/a><\/strong>:<br \/>\nA full-text database containing hundreds of, mainly American, legal journals and other legal sources. It is divided in a number of collections: Law Journal Library, Federal Register Library, Legal Classics, Legislative History Library, Treaties History Library, U.S. Supreme Court Library, and others. Older volumes date back to the 18th century. Results can be printed or downloaded in PDF format. The database can be searched alphabetically by title, author, and journal article. Official citation searching is also possible; examples of this can be found in the database.<\/li>\n<li><strong><a href=\"http:\/\/hudoc.echr.coe.int\/\">HUDOC<\/a><\/strong>:<br \/>\nUitspraken en beslissingen van het Europese Hof van de Rechten van de Mens. Bevat ook teksten van verdragen en protocollen van de Conventie van de Rechten van de Mens en de fundamentele vrijheid.<\/li>\n<li><strong><a href=\"http:\/\/merlin.obs.coe.int\/\">IRIS Merlin<\/a><\/strong>:<br \/>\nDatabase met juridische informatie met betrekking tot de audiovisuele sector in Europa.<\/li>\n<li><strong><a href=\"http:\/\/databases.uba.uva.nl\/db\/731\">Juridisch-economisch lexicon Eng\/NL<\/a><\/strong>:<\/li>\n<li>Standaardwerk en vertaalnorm. Bevat terminologie uit de Nederlandse, Belgische en Europese rechtssystemen.<\/li>\n<li><strong><a href=\"http:\/\/databases.uba.uva.nl\/db\/732\">Juridisch-economisch lexicon NL\/Eng<\/a><\/strong>:<br \/>\nStandaardwerk en vertaalnorm. Bevat terminologie uit de Nederlandse, Belgische en Europese rechtssystemen.<\/li>\n<li><strong><a href=\"http:\/\/uba-sfx.hosted.exlibrisgroup.com:9003\/uva-linker?url_ver=Z39.88-2004&amp;url_ctx_fmt=info:ofi\/fmt:kev:mtx:ctx&amp;ctx_enc=info:ofi\/enc:UTF-8&amp;ctx_ver=Z39.88-2004&amp;rfr_id=info:sid\/sfxit.com:azlist&amp;sfx.ignore_date_threshold=1&amp;rft.object_id=954921429695&amp;disable_directlink=true&amp;sfx.directlink=off;\">Kluwer Navigator<\/a><\/strong>:<br \/>\nToegang tot: Cremers serie, De Groene Serie Privaatrecht, Encyclopedie Sociale Verzekeringen, Encyclopedie Sociale Voorzieningen, Cursus Belastingrecht, Fiscale Encyclopedie De Vakstudie, Juridische Bibliotheek, Modellen voor de Rechtspraktijk. Alle bestanden binnen deze databanken kunnen afzonderlijk, gelijktijdig of in zelf samengestelde combinaties doorzocht worden.<\/li>\n<li><strong><a href=\"https:\/\/www.wolterskluwer.nl\/documents\/204355\/204644\/pdf26920190802161350.pdf\/8852a92b-f730-b2dc-436f-b73c7ad85c20\">Leidraad voor juridische auteurs 2019<\/a><\/strong><\/li>\n<li><strong><a href=\"http:\/\/databases.uba.uva.nl\/db\/710\">Legal intelligence<\/a><\/strong>:<br \/>\nZoekmachine die zowel juridische documenten van Nederlandse uitgevers als vrij toegankelijke internetbronnen ontsluit. Zoek in \u00e9\u00e9n interface naar en in artikelen, boeken, commentaren, jurisprudentie, wetgeving, verdragen en offici\u00eble publicaties van o.a. Kluwer, Sdu, Paris, Boom, rechtspraak.nl, overheid.nl en EUR-Lex.<\/li>\n<li><strong><a href=\"http:\/\/databases.uba.uva.nl\/db\/6\">Legal Scholarship Network (SSRN)<\/a><\/strong>:<br \/>\nBibliografische databank voor tijdschriftartikelen, discussienota&#8217;s en onderzoeksverslagen op alle gebieden van het recht.<\/li>\n<li><strong><a href=\"http:\/\/databases.uba.uva.nl\/db\/63\">OpMaat<\/a><\/strong>:<br \/>\nNederlandstalige databank die toegang geeft tot: officiele publicaties; wet- en regelgeving; jurisprudentie; SDU-jurisprudentie tijdschriften; EU-wet- en regelgeving. Periode: officiele publicaties vanaf 1995. OpMaat wordt dagelijks bijgewerkt. Gerelateerde databanken zijn: Rechtsorde.nl en Eurlex.<\/li>\n<li><strong><a href=\"http:\/\/databases.uba.uva.nl\/db\/652\">Oxford Scholarship Online &#8211; Law<\/a><\/strong>:<br \/>\nToegang tot een groeiend aantal rechtswetenschappelijke e-books van Oxford University Press.<\/li>\n<li><strong><a href=\"http:\/\/databases.uba.uva.nl\/db\/599\">Rechtsorde<\/a><\/strong>:<br \/>\nZoekmachine die zowel juridische documenten van Nederlandse uitgevers als vrij toegankelijke internetbronnen ontsluit. Zoek in \u00e9\u00e9n interface naar en in artikelen, boeken, commentaren, jurisprudentie, wetgeving, verdragen en offici\u00eble publicaties van o.a. Kluwer, Sdu, Paris, Boom, rechtspraak.nl, overheid.nl en EUR-Lex.<\/li>\n<li><strong><a href=\"http:\/\/databases.uba.uva.nl\/db\/492\">Staten-Generaal digitaal<\/a><\/strong>:<br \/>\nBevat alle Handelingen, Kamerstukken en Aanhangsels van 1814 tot 1995.<\/li>\n<li><strong><a href=\"http:\/\/databases.uba.uva.nl\/db\/230\">United Nations treaty collection<\/a><\/strong>:<br \/>\nVerdragen in het Engels en Frans die zijn aangemeld bij de Verenigde Naties.<\/li>\n<li><strong><a href=\"http:\/\/databases.uba.uva.nl\/db\/160\">Westlaw<\/a><\/strong>:<br \/>\nJurisprudentie, wetgeving, verdragen en juridische tijdschriften van Canada, de Europese Unie, Hong Kong, het Verenigd Koninkrijk en de Verenigde Staten. De bronnen zijn geselecteerd op onderwerp en\/of regio, en vervolgens in gidsen bijeengebracht. De onderwerpen waarop gezocht kan worden, zijn: arbitration and litigation, banking and finance law, bankruptcy and insolvency law, company and commercial law, insurance law, intellectual property law, international organisations, treaties and reference materials, securities law.<\/li>\n<\/ul>\n<p>Zie ook de website van de <strong><a href=\"http:\/\/uba.uva.nl\/disciplines\/disciplines\/disciplines\/content\/folder\/rechten\/informatiebronnen\/wat-staat-er-in-de-research-guides.html\">Juridische Bibliotheek<\/a><\/strong> voor meer juridische <a href=\"http:\/\/databases.uba.uva.nl\/?d=34\">databases<\/a> en <a href=\"http:\/\/uba.uva.nl\/disciplines\/disciplines\/disciplines\/content\/folder\/rechten\/informatiebronnen\/onderzoeksgidsen\/informatierecht.html\">bronnen<\/a>.<\/p>\n","protected":false},"excerpt":{"rendered":"<p>Catalogi: De boeken en tijdschriften van het Documentatiecentrum zijn opgenomen in de algemene catalogi van de Universiteitsbibliotheek van de Universiteit van Amsterdam. De instituutscode is 312. Het is niet mogelijk om boeken uit het Documentatiecentrum \u00a0te lenen via IBL\u00a0. CataloguePlus Catalogue Picarta (nationale catalogus) Relevante databases: Beck-online: Geeft tot vrijwel alle (Duitstalige) juridische uitgaven van&hellip; <a class=\"more-link\" href=\"https:\/\/www.ivir.nl\/nl\/over-ons\/documentatiecentrum\/catalogi-databases\/\">Continue reading <span class=\"screen-reader-text\">Catalogi &#038; databases<\/span><\/a><\/p>\n","protected":false},"author":422,"featured_media":0,"parent":1443,"menu_order":2,"comment_status":"closed","ping_status":"closed","template":"","meta":{"_acf_changed":false,"footnotes":""},"class_list":["post-3637","page","type-page","status-publish","hentry","entry"],"acf":[],"yoast_head":"<!-- This site is optimized with the Yoast SEO plugin v27.6 - https:\/\/yoast.com\/product\/yoast-seo-wordpress\/ -->\n<title>Catalogi &amp; databases - IVIR<\/title>\n<meta name=\"robots\" content=\"index, follow, max-snippet:-1, max-image-preview:large, max-video-preview:-1\" \/>\n<link rel=\"canonical\" href=\"https:\/\/www.ivir.nl\/nl\/over-ons\/documentatiecentrum\/catalogi-databases\/\" \/>\n<meta property=\"og:locale\" content=\"nl_NL\" \/>\n<meta property=\"og:type\" content=\"article\" \/>\n<meta property=\"og:title\" content=\"Catalogi &amp; databases - IVIR\" \/>\n<meta property=\"og:description\" content=\"Catalogi: De boeken en tijdschriften van het Documentatiecentrum zijn opgenomen in de algemene catalogi van de Universiteitsbibliotheek van de Universiteit van Amsterdam. De instituutscode is 312. Het is niet mogelijk om boeken uit het Documentatiecentrum \u00a0te lenen via IBL\u00a0. CataloguePlus Catalogue Picarta (nationale catalogus) Relevante databases: Beck-online: Geeft tot vrijwel alle (Duitstalige) juridische uitgaven van&hellip; Continue reading Catalogi &#038; databases\" \/>\n<meta property=\"og:url\" content=\"https:\/\/www.ivir.nl\/nl\/over-ons\/documentatiecentrum\/catalogi-databases\/\" \/>\n<meta property=\"og:site_name\" content=\"IVIR\" \/>\n<meta property=\"article:modified_time\" content=\"2019-09-10T12:57:32+00:00\" \/>\n<meta name=\"twitter:card\" content=\"summary_large_image\" \/>\n<meta name=\"twitter:site\" content=\"@ivir_uva\" \/>\n<meta name=\"twitter:label1\" content=\"Geschatte leestijd\" \/>\n\t<meta name=\"twitter:data1\" content=\"3 minuten\" \/>\n<script type=\"application\/ld+json\" class=\"yoast-schema-graph\">{\"@context\":\"https:\\\/\\\/schema.org\",\"@graph\":[{\"@type\":\"WebPage\",\"@id\":\"https:\\\/\\\/www.ivir.nl\\\/nl\\\/over-ons\\\/documentatiecentrum\\\/catalogi-databases\\\/\",\"url\":\"https:\\\/\\\/www.ivir.nl\\\/nl\\\/over-ons\\\/documentatiecentrum\\\/catalogi-databases\\\/\",\"name\":\"Catalogi & databases - IVIR\",\"isPartOf\":{\"@id\":\"https:\\\/\\\/www.ivir.nl\\\/#website\"},\"datePublished\":\"2016-10-21T13:41:41+00:00\",\"dateModified\":\"2019-09-10T12:57:32+00:00\",\"breadcrumb\":{\"@id\":\"https:\\\/\\\/www.ivir.nl\\\/nl\\\/over-ons\\\/documentatiecentrum\\\/catalogi-databases\\\/#breadcrumb\"},\"inLanguage\":\"nl-NL\",\"potentialAction\":[{\"@type\":\"ReadAction\",\"target\":[\"https:\\\/\\\/www.ivir.nl\\\/nl\\\/over-ons\\\/documentatiecentrum\\\/catalogi-databases\\\/\"]}]},{\"@type\":\"BreadcrumbList\",\"@id\":\"https:\\\/\\\/www.ivir.nl\\\/nl\\\/over-ons\\\/documentatiecentrum\\\/catalogi-databases\\\/#breadcrumb\",\"itemListElement\":[{\"@type\":\"ListItem\",\"position\":1,\"name\":\"Home\",\"item\":\"https:\\\/\\\/www.ivir.nl\\\/nl\\\/\"},{\"@type\":\"ListItem\",\"position\":2,\"name\":\"Over Ons\",\"item\":\"https:\\\/\\\/www.ivir.nl\\\/nl\\\/over-ons\\\/\"},{\"@type\":\"ListItem\",\"position\":3,\"name\":\"Documentatiecentrum\",\"item\":\"https:\\\/\\\/www.ivir.nl\\\/nl\\\/over-ons\\\/documentatiecentrum\\\/\"},{\"@type\":\"ListItem\",\"position\":4,\"name\":\"Catalogi &#038; databases\"}]},{\"@type\":\"WebSite\",\"@id\":\"https:\\\/\\\/www.ivir.nl\\\/#website\",\"url\":\"https:\\\/\\\/www.ivir.nl\\\/\",\"name\":\"IVIR\",\"description\":\"Universiteit van Amsterdam\",\"publisher\":{\"@id\":\"https:\\\/\\\/www.ivir.nl\\\/#organization\"},\"alternateName\":\"Institute for Information Law\",\"potentialAction\":[{\"@type\":\"SearchAction\",\"target\":{\"@type\":\"EntryPoint\",\"urlTemplate\":\"https:\\\/\\\/www.ivir.nl\\\/?s={search_term_string}\"},\"query-input\":{\"@type\":\"PropertyValueSpecification\",\"valueRequired\":true,\"valueName\":\"search_term_string\"}}],\"inLanguage\":\"nl-NL\"},{\"@type\":\"Organization\",\"@id\":\"https:\\\/\\\/www.ivir.nl\\\/#organization\",\"name\":\"Institute for Information Law\",\"alternateName\":\"IVIR\",\"url\":\"https:\\\/\\\/www.ivir.nl\\\/\",\"logo\":{\"@type\":\"ImageObject\",\"inLanguage\":\"nl-NL\",\"@id\":\"https:\\\/\\\/www.ivir.nl\\\/#\\\/schema\\\/logo\\\/image\\\/\",\"url\":\"https:\\\/\\\/www.ivir.nl\\\/publicaties\\\/download\\\/IVIR_2023_LOGO-hoog.svg\",\"contentUrl\":\"https:\\\/\\\/www.ivir.nl\\\/publicaties\\\/download\\\/IVIR_2023_LOGO-hoog.svg\",\"width\":1,\"height\":1,\"caption\":\"Institute for Information Law\"},\"image\":{\"@id\":\"https:\\\/\\\/www.ivir.nl\\\/#\\\/schema\\\/logo\\\/image\\\/\"},\"sameAs\":[\"https:\\\/\\\/x.com\\\/ivir_uva\",\"https:\\\/\\\/www.linkedin.com\\\/company\\\/institute-for-information-law-ivir-\\\/\",\"https:\\\/\\\/bsky.app\\\/profile\\\/ivir-uva.bsky.social\"]}]}<\/script>\n<!-- \/ Yoast SEO plugin. -->","yoast_head_json":{"title":"Catalogi & databases - IVIR","robots":{"index":"index","follow":"follow","max-snippet":"max-snippet:-1","max-image-preview":"max-image-preview:large","max-video-preview":"max-video-preview:-1"},"canonical":"https:\/\/www.ivir.nl\/nl\/over-ons\/documentatiecentrum\/catalogi-databases\/","og_locale":"nl_NL","og_type":"article","og_title":"Catalogi & databases - IVIR","og_description":"Catalogi: De boeken en tijdschriften van het Documentatiecentrum zijn opgenomen in de algemene catalogi van de Universiteitsbibliotheek van de Universiteit van Amsterdam. De instituutscode is 312. Het is niet mogelijk om boeken uit het Documentatiecentrum \u00a0te lenen via IBL\u00a0. CataloguePlus Catalogue Picarta (nationale catalogus) Relevante databases: Beck-online: Geeft tot vrijwel alle (Duitstalige) juridische uitgaven van&hellip; Continue reading Catalogi &#038; databases","og_url":"https:\/\/www.ivir.nl\/nl\/over-ons\/documentatiecentrum\/catalogi-databases\/","og_site_name":"IVIR","article_modified_time":"2019-09-10T12:57:32+00:00","twitter_card":"summary_large_image","twitter_site":"@ivir_uva","twitter_misc":{"Geschatte leestijd":"3 minuten"},"schema":{"@context":"https:\/\/schema.org","@graph":[{"@type":"WebPage","@id":"https:\/\/www.ivir.nl\/nl\/over-ons\/documentatiecentrum\/catalogi-databases\/","url":"https:\/\/www.ivir.nl\/nl\/over-ons\/documentatiecentrum\/catalogi-databases\/","name":"Catalogi & databases - IVIR","isPartOf":{"@id":"https:\/\/www.ivir.nl\/#website"},"datePublished":"2016-10-21T13:41:41+00:00","dateModified":"2019-09-10T12:57:32+00:00","breadcrumb":{"@id":"https:\/\/www.ivir.nl\/nl\/over-ons\/documentatiecentrum\/catalogi-databases\/#breadcrumb"},"inLanguage":"nl-NL","potentialAction":[{"@type":"ReadAction","target":["https:\/\/www.ivir.nl\/nl\/over-ons\/documentatiecentrum\/catalogi-databases\/"]}]},{"@type":"BreadcrumbList","@id":"https:\/\/www.ivir.nl\/nl\/over-ons\/documentatiecentrum\/catalogi-databases\/#breadcrumb","itemListElement":[{"@type":"ListItem","position":1,"name":"Home","item":"https:\/\/www.ivir.nl\/nl\/"},{"@type":"ListItem","position":2,"name":"Over Ons","item":"https:\/\/www.ivir.nl\/nl\/over-ons\/"},{"@type":"ListItem","position":3,"name":"Documentatiecentrum","item":"https:\/\/www.ivir.nl\/nl\/over-ons\/documentatiecentrum\/"},{"@type":"ListItem","position":4,"name":"Catalogi &#038; databases"}]},{"@type":"WebSite","@id":"https:\/\/www.ivir.nl\/#website","url":"https:\/\/www.ivir.nl\/","name":"IVIR","description":"Universiteit van Amsterdam","publisher":{"@id":"https:\/\/www.ivir.nl\/#organization"},"alternateName":"Institute for Information Law","potentialAction":[{"@type":"SearchAction","target":{"@type":"EntryPoint","urlTemplate":"https:\/\/www.ivir.nl\/?s={search_term_string}"},"query-input":{"@type":"PropertyValueSpecification","valueRequired":true,"valueName":"search_term_string"}}],"inLanguage":"nl-NL"},{"@type":"Organization","@id":"https:\/\/www.ivir.nl\/#organization","name":"Institute for Information Law","alternateName":"IVIR","url":"https:\/\/www.ivir.nl\/","logo":{"@type":"ImageObject","inLanguage":"nl-NL","@id":"https:\/\/www.ivir.nl\/#\/schema\/logo\/image\/","url":"https:\/\/www.ivir.nl\/publicaties\/download\/IVIR_2023_LOGO-hoog.svg","contentUrl":"https:\/\/www.ivir.nl\/publicaties\/download\/IVIR_2023_LOGO-hoog.svg","width":1,"height":1,"caption":"Institute for Information Law"},"image":{"@id":"https:\/\/www.ivir.nl\/#\/schema\/logo\/image\/"},"sameAs":["https:\/\/x.com\/ivir_uva","https:\/\/www.linkedin.com\/company\/institute-for-information-law-ivir-\/","https:\/\/bsky.app\/profile\/ivir-uva.bsky.social"]}]}},"_links":{"self":[{"href":"https:\/\/www.ivir.nl\/nl\/wp-json\/wp\/v2\/pages\/3637","targetHints":{"allow":["GET"]}}],"collection":[{"href":"https:\/\/www.ivir.nl\/nl\/wp-json\/wp\/v2\/pages"}],"about":[{"href":"https:\/\/www.ivir.nl\/nl\/wp-json\/wp\/v2\/types\/page"}],"author":[{"embeddable":true,"href":"https:\/\/www.ivir.nl\/nl\/wp-json\/wp\/v2\/users\/422"}],"replies":[{"embeddable":true,"href":"https:\/\/www.ivir.nl\/nl\/wp-json\/wp\/v2\/comments?post=3637"}],"version-history":[{"count":5,"href":"https:\/\/www.ivir.nl\/nl\/wp-json\/wp\/v2\/pages\/3637\/revisions"}],"predecessor-version":[{"id":10495,"href":"https:\/\/www.ivir.nl\/nl\/wp-json\/wp\/v2\/pages\/3637\/revisions\/10495"}],"up":[{"embeddable":true,"href":"https:\/\/www.ivir.nl\/nl\/wp-json\/wp\/v2\/pages\/1443"}],"wp:attachment":[{"href":"https:\/\/www.ivir.nl\/nl\/wp-json\/wp\/v2\/media?parent=3637"}],"curies":[{"name":"wp","href":"https:\/\/api.w.org\/{rel}","templated":true}]}}