{"id":13661,"date":"2021-05-12T08:38:03","date_gmt":"2021-05-12T08:38:03","guid":{"rendered":"https:\/\/www.ivir.nl\/?page_id=13661"},"modified":"2026-03-02T12:52:24","modified_gmt":"2026-03-02T10:52:24","slug":"ivir-lecture-series","status":"publish","type":"page","link":"https:\/\/www.ivir.nl\/nl\/onderzoek\/ivir-lecture-series\/","title":{"rendered":"IViR Lecture Series"},"content":{"rendered":"\n<p>IViR organiseert regelmatig lezingen waarin academici over hun onderzoek praten. Hieronder een overzicht van de gehouden lezingen sinds 2021. Deze lezingen worden meestal georganiseerd op vrijdagmiddag en zijn publiek toegankelijk in persoon of online. Wilt u op de hoogte blijven van aankomende lezingen? Meld u dan aan voor onze nieuwsbrief aan de onderkant van deze pagina.<\/p>\n\n\n\n<p><strong>2026:<\/strong><\/p>\n\n\n\n<ul class=\"wp-block-list\">\n<li><a href=\"https:\/\/www.ivir.nl\/events\/ivir-lecture-series-20february2026\/\" type=\"link\" id=\"https:\/\/www.ivir.nl\/events\/ivir-lecture-series-20february2026\/\">Does EMFA really strengthen media freedom in Europe?<\/a>, by G\u00e1bor Poly\u00e1k on 20 February 2026.<\/li>\n<\/ul>\n\n\n\n<p><strong>2025:<\/strong><\/p>\n\n\n\n<ul class=\"wp-block-list\">\n<li><a href=\"https:\/\/www.ivir.nl\/events\/ivir-lecture-series-14november2025\/\">Regulating Femtech: Addressing Regulatory Gaps in Women\u2019s Health Technologies<\/a>, by Catriona McMillan on 14 November 2025<\/li>\n\n\n\n<li><a href=\"https:\/\/www.ivir.nl\/events\/ivir-lecture-29september2025\/\">I Think You Oughtn\u2019t Think Machines Can Think<\/a>, by Judith Donath on 29 September 2025.<\/li>\n\n\n\n<li><a href=\"https:\/\/www.ivir.nl\/events\/ivir-lecture-27june2025\/\">Reconceptualising individual autonomy in an age of digital manipulation?<\/a> by <strong> <\/strong>Rapha\u00ebl&nbsp;Gellert on 27 June 2025.<\/li>\n\n\n\n<li><a href=\"https:\/\/www.ivir.nl\/events\/ivir-lecture-4june2025\/\">From Runway to Regulation: Understanding the Legal Ecosystem of the Fashion Industry<\/a> by Irene Calboli on 4 June 2025.<\/li>\n\n\n\n<li><a href=\"https:\/\/www.ivir.nl\/events\/ivir-lecture-16may2025\/\">The AI State \u2013 why we need to save the rule of law from \u201ceffectiveness\u201d<\/a> by Hannah Ruschemeier &amp; Rainer M\u00fchlhoff on 16 May 2025.<\/li>\n\n\n\n<li><a href=\"https:\/\/www.ivir.nl\/events\/ivir-lecture-4april2025\/\">Balancing Trademark and Free Speech Rights in Trademark Registration and Enforcement Laws<\/a> by Lisa Ramsey on 4 April 2025.<\/li>\n\n\n\n<li><a href=\"https:\/\/www.ivir.nl\/events\/ivir-lecture-6february2025\/\">The UK copyright law\u2019s approach to issues generated by AI<\/a> by Estelle Derclaye on 6 February 2025.<\/li>\n<\/ul>\n\n\n\n<p><strong>2024:<\/strong><\/p>\n\n\n\n<ul class=\"wp-block-list\">\n<li><a href=\"https:\/\/www.ivir.nl\/events\/ivir-lecture-18december2024\/\">Reimagining Local Media Infrastructures: Non-Reformist Media Reforms to Better Serve Democratic Needs<\/a> by Victor Pickard on 18 December 2024;<\/li>\n\n\n\n<li><a href=\"https:\/\/www.ivir.nl\/events\/ivir-lecture-22november2024\/\">Intellectual Monopoly amid the AI and Cloud Age<\/a> by Cecilia Rikap on 22 November 2024;<\/li>\n\n\n\n<li><a href=\"https:\/\/www.ivir.nl\/events\/ivir-lecture-18october2024\/\">Artificial Intelligence and Data Protection, a view from the European Data Protection Supervisor<\/a> by Leonardo Cervera&nbsp;Navas on 18 October 2024;<\/li>\n\n\n\n<li><a href=\"https:\/\/www.ivir.nl\/events\/ivir-lecture-28june2024\/\">Freedom of speech on platforms: Lessons to be learned from copyright law<\/a> by Benjamin Raue on 28 June 2024;<\/li>\n\n\n\n<li><a href=\"https:\/\/www.ivir.nl\/events\/ivir-lecture-31may2024\/\">Big Speech<\/a> by Kate Klonick on 31 May 2024;<\/li>\n\n\n\n<li><a href=\"https:\/\/www.ivir.nl\/events\/ivir-lecture-26april2024\/\" target=\"_blank\" rel=\"noreferrer noopener\">Generati<\/a><a href=\"https:\/\/www.ivir.nl\/events\/ivir-lecture-26april2024\/\">ve Crimes<\/a> by Eldar Haber on 26 April 2024;<\/li>\n\n\n\n<li><a href=\"https:\/\/www.ivir.nl\/events\/ivir-lunch-lecture-the-quantum-age-by-chris-hoofnagle\/\" target=\"_blank\" rel=\"noreferrer noopener\">The Quantum Age<\/a> by Chris Hoofnagle on 19 April 2024 (Lunch lecture);<\/li>\n\n\n\n<li><a href=\"https:\/\/www.ivir.nl\/events\/ivir-lecture-15march2024\/\" target=\"_blank\" rel=\"noreferrer noopener\">Governing AI\u2019s Intermediaries<\/a> by Michael Veale on 15 March 2024;<\/li>\n\n\n\n<li><a href=\"https:\/\/www.ivir.nl\/events\/ivir-lecture-2february2024\/\" target=\"_blank\" rel=\"noreferrer noopener\">Managing Visibility in Online Platforms: Transparency and Accountability after the DSA<\/a> by Ben Wagner on 2 February 2024.<\/li>\n<\/ul>\n\n\n\n<p><strong>2023:<\/strong><\/p>\n\n\n\n<ul class=\"wp-block-list\">\n<li><a href=\"https:\/\/www.ivir.nl\/ivir-lecture-15-december-2023\/\" target=\"_blank\" rel=\"noreferrer noopener\">Should we decentralise the oversight of AI?<\/a>&nbsp;by Linnet Taylor on 15 December 2023;<\/li>\n\n\n\n<li>Regulating Big Tech expansionism? Sphere transgressions and the limits of Europe\u2019s digital regulatory strategy&nbsp;by Tamar Sharon on 24 November 2023;<\/li>\n\n\n\n<li><a href=\"https:\/\/www.ivir.nl\/events\/ivir-lecture-23june2023\/\" target=\"_blank\" rel=\"noreferrer noopener\">Biometrics and the Registration and Authentication of Voters:&nbsp;Is there a Global Trend?<\/a>&nbsp;by Colin Bennett on 23 June 2023;<\/li>\n\n\n\n<li><a href=\"https:\/\/www.ivir.nl\/events\/ivir-lecture-2-june-2023\/\" target=\"_blank\" rel=\"noreferrer noopener\">Leveraging the EU Charter of fundamental rights in digital rights strategic litigation<\/a> by Alexandra Giannopoulou on 2 June 2023;<\/li>\n\n\n\n<li><a href=\"https:\/\/www.ivir.nl\/events\/distinguished-ivir-lecture-daniel-gervais\/\" target=\"_blank\" rel=\"noreferrer noopener\">Regulating Artificial Innovation and Information: Is IP Law Up to the Task?<\/a>, Distinguished IViR Lecture by Daniel Gervais on 16 May 2023;<\/li>\n\n\n\n<li><a href=\"https:\/\/www.ivir.nl\/events\/ivir-lecture-21-april-2023\/\" target=\"_blank\" rel=\"noreferrer noopener\">Informational Capitalism, Digital Infrastructures and Information Society Governance<\/a> by Julie Cohen on 21 April 2023;<\/li>\n\n\n\n<li><a href=\"https:\/\/www.ivir.nl\/events\/ivir-lecture-3-february-2023\/\" target=\"_blank\" rel=\"noreferrer noopener\">Regulation for a More Democratic Internet: Lessons from Communications Regulation &amp; Antitrust Law<\/a> by Dwayne Winseck on 3 February 2023.<\/li>\n<\/ul>\n\n\n\n<p><strong>2022:<\/strong><\/p>\n\n\n\n<p><\/p>\n\n\n\n<ul class=\"wp-block-list\">\n<li><a href=\"https:\/\/www.ivir.nl\/events\/ivir-lecture-9-december-2022\/\" target=\"_blank\" rel=\"noreferrer noopener\">Platform Effects: How Algorithmic Intermediaries Shape Attention to News<\/a> by Nick Diakopoulos on 9 December 2022;<\/li>\n\n\n\n<li><a href=\"https:\/\/www.ivir.nl\/events\/ivir-lecture-11-october_2022\/\" target=\"_blank\" rel=\"noreferrer noopener\">Access to Medicine During Pandemics: Is Compulsory Licensing the Answer?<\/a> by Sapna Kumar on 11 October 2022;<\/li>\n\n\n\n<li><a href=\"https:\/\/www.ivir.nl\/events\/ivir-lecture-9-september-2022\/\" target=\"_blank\" rel=\"noreferrer noopener\">Effective AI regulation in the face of global interdependence<\/a> by Daniel Mugge on 9 September 2022;<\/li>\n\n\n\n<li><a href=\"https:\/\/www.ivir.nl\/events\/ivir-lecture-3-june-2022\/\" target=\"_blank\" rel=\"noreferrer noopener\">Information Policies of the Coronavirus Crisis<\/a> by \u00c1d\u00e1m F\u00f6ldes on 3 June 2022;<\/li>\n\n\n\n<li><a href=\"https:\/\/www.ivir.nl\/events\/ivir-lecture-31-may-2022\/\" target=\"_blank\" rel=\"noreferrer noopener\">Towards a fair balance in the digitised music industry: setting the tone<\/a> by Jozefien Vanherpe on 31 May 2022;<\/li>\n\n\n\n<li><a href=\"https:\/\/www.ivir.nl\/events\/ivir-lecture-29-april-2022\/\" target=\"_blank\" rel=\"noreferrer noopener\">The Influencer Republic: Monetizing Political Speech on Social Media<\/a> by Catalina Goanta &amp; Giovanni De Gregorio on 29 April 2022;<\/li>\n\n\n\n<li><a href=\"https:\/\/www.ivir.nl\/events\/ivir-lecture-25-march-2022\/\" target=\"_blank\" rel=\"noreferrer noopener\">(Ir)Responsible Legislature? Speech Risks under the EU\u2019s Rules on Delegated Digital Enforcement<\/a> by Martin Husovec on 25 March 2022;<\/li>\n\n\n\n<li><a href=\"https:\/\/www.ivir.nl\/events\/ivir-lecture-4-february-2022\/\" target=\"_blank\" rel=\"noreferrer noopener\">Empathy in Digital Government<\/a> by Sofia Ranchord\u00e1s on 4 February 2022.<\/li>\n<\/ul>\n\n\n\n<p><strong>2021:<\/strong><\/p>\n\n\n\n<ul class=\"wp-block-list\">\n<li><a href=\"https:\/\/www.ivir.nl\/events\/ivir-lecture-28-may-2021\/\" target=\"_blank\" rel=\"noreferrer noopener\">Towards Platform Observability<\/a> by Jeanette Hofmann and Bernhard Rieder on 28 May 2021;<\/li>\n\n\n\n<li><a href=\"https:\/\/www.ivir.nl\/events\/ivir-lecture-30-april-2021\/\" target=\"_blank\" rel=\"noreferrer noopener\">Copyright Law 2030 \u2013 A memorandum on the future of the creative ecosystem in Europe<\/a> by Michael Gr\u00fcnberger on 30 April 2021;<\/li>\n\n\n\n<li><a href=\"https:\/\/www.ivir.nl\/events\/ivir-lecture-25-june-2021\/\" target=\"_blank\" rel=\"noreferrer noopener\">Regulating Digital Gatekeepers<\/a> by Rupprecht Podszun on 25 June 2021;<\/li>\n\n\n\n<li><a href=\"https:\/\/www.ivir.nl\/events\/ivir-lecture-29-october-2021\/\" target=\"_blank\" rel=\"noreferrer noopener\">&#8220;Infrastructuring&#8221; Digital Sovereignty?<\/a> by Francesca Musiani on 29 October 2021;<\/li>\n\n\n\n<li><a href=\"https:\/\/www.ivir.nl\/events\/ivir-lecture-4-november-2021\/\" target=\"_blank\" rel=\"noreferrer noopener\">Research Exceptions in Comparative Copyright<\/a> by Sean Flynn on 4 November 2021;<\/li>\n\n\n\n<li><a href=\"https:\/\/www.ivir.nl\/events\/ivir-lecture-26-november-2021-2\/\" target=\"_blank\" rel=\"noreferrer noopener\">How to regulate AI?<\/a> by Mireille Hildebrandt on 26 November 2021.<\/li>\n<\/ul>\n\n\n\n<p><\/p>\n","protected":false},"excerpt":{"rendered":"<p>IViR organiseert regelmatig lezingen waarin academici over hun onderzoek praten. Hieronder een overzicht van de gehouden lezingen sinds 2021. Deze lezingen worden meestal georganiseerd op vrijdagmiddag en zijn publiek toegankelijk in persoon of online. Wilt u op de hoogte blijven van aankomende lezingen? Meld u dan aan voor onze nieuwsbrief aan de onderkant van deze&hellip; <a class=\"more-link\" href=\"https:\/\/www.ivir.nl\/nl\/onderzoek\/ivir-lecture-series\/\">Continue reading <span class=\"screen-reader-text\">IViR Lecture Series<\/span><\/a><\/p>\n","protected":false},"author":422,"featured_media":0,"parent":1586,"menu_order":2,"comment_status":"closed","ping_status":"closed","template":"","meta":{"_acf_changed":false,"footnotes":""},"class_list":["post-13661","page","type-page","status-publish","hentry","entry"],"acf":[],"yoast_head":"<!-- This site is optimized with the Yoast SEO plugin v27.4 - https:\/\/yoast.com\/product\/yoast-seo-wordpress\/ -->\n<title>IViR Lecture Series - IVIR<\/title>\n<meta name=\"robots\" content=\"index, follow, max-snippet:-1, max-image-preview:large, max-video-preview:-1\" \/>\n<link rel=\"canonical\" href=\"https:\/\/www.ivir.nl\/nl\/onderzoek\/ivir-lecture-series\/\" \/>\n<meta property=\"og:locale\" content=\"nl_NL\" \/>\n<meta property=\"og:type\" content=\"article\" \/>\n<meta property=\"og:title\" content=\"IViR Lecture Series - IVIR\" \/>\n<meta property=\"og:description\" content=\"IViR organiseert regelmatig lezingen waarin academici over hun onderzoek praten. Hieronder een overzicht van de gehouden lezingen sinds 2021. Deze lezingen worden meestal georganiseerd op vrijdagmiddag en zijn publiek toegankelijk in persoon of online. Wilt u op de hoogte blijven van aankomende lezingen? Meld u dan aan voor onze nieuwsbrief aan de onderkant van deze&hellip; Continue reading IViR Lecture Series\" \/>\n<meta property=\"og:url\" content=\"https:\/\/www.ivir.nl\/nl\/onderzoek\/ivir-lecture-series\/\" \/>\n<meta property=\"og:site_name\" content=\"IVIR\" \/>\n<meta property=\"article:modified_time\" content=\"2026-03-02T10:52:24+00:00\" \/>\n<meta name=\"twitter:card\" content=\"summary_large_image\" \/>\n<meta name=\"twitter:site\" content=\"@ivir_uva\" \/>\n<meta name=\"twitter:label1\" content=\"Geschatte leestijd\" \/>\n\t<meta name=\"twitter:data1\" content=\"3 minuten\" \/>\n<script type=\"application\/ld+json\" class=\"yoast-schema-graph\">{\"@context\":\"https:\\\/\\\/schema.org\",\"@graph\":[{\"@type\":\"WebPage\",\"@id\":\"https:\\\/\\\/www.ivir.nl\\\/nl\\\/onderzoek\\\/ivir-lecture-series\\\/\",\"url\":\"https:\\\/\\\/www.ivir.nl\\\/nl\\\/onderzoek\\\/ivir-lecture-series\\\/\",\"name\":\"IViR Lecture Series - IVIR\",\"isPartOf\":{\"@id\":\"https:\\\/\\\/www.ivir.nl\\\/#website\"},\"datePublished\":\"2021-05-12T08:38:03+00:00\",\"dateModified\":\"2026-03-02T10:52:24+00:00\",\"breadcrumb\":{\"@id\":\"https:\\\/\\\/www.ivir.nl\\\/nl\\\/onderzoek\\\/ivir-lecture-series\\\/#breadcrumb\"},\"inLanguage\":\"nl-NL\",\"potentialAction\":[{\"@type\":\"ReadAction\",\"target\":[\"https:\\\/\\\/www.ivir.nl\\\/nl\\\/onderzoek\\\/ivir-lecture-series\\\/\"]}]},{\"@type\":\"BreadcrumbList\",\"@id\":\"https:\\\/\\\/www.ivir.nl\\\/nl\\\/onderzoek\\\/ivir-lecture-series\\\/#breadcrumb\",\"itemListElement\":[{\"@type\":\"ListItem\",\"position\":1,\"name\":\"Home\",\"item\":\"https:\\\/\\\/www.ivir.nl\\\/nl\\\/\"},{\"@type\":\"ListItem\",\"position\":2,\"name\":\"Onderzoek\",\"item\":\"https:\\\/\\\/www.ivir.nl\\\/nl\\\/onderzoek\\\/\"},{\"@type\":\"ListItem\",\"position\":3,\"name\":\"IViR Lecture Series\"}]},{\"@type\":\"WebSite\",\"@id\":\"https:\\\/\\\/www.ivir.nl\\\/#website\",\"url\":\"https:\\\/\\\/www.ivir.nl\\\/\",\"name\":\"IVIR\",\"description\":\"Universiteit van Amsterdam\",\"publisher\":{\"@id\":\"https:\\\/\\\/www.ivir.nl\\\/#organization\"},\"alternateName\":\"Institute for Information Law\",\"potentialAction\":[{\"@type\":\"SearchAction\",\"target\":{\"@type\":\"EntryPoint\",\"urlTemplate\":\"https:\\\/\\\/www.ivir.nl\\\/?s={search_term_string}\"},\"query-input\":{\"@type\":\"PropertyValueSpecification\",\"valueRequired\":true,\"valueName\":\"search_term_string\"}}],\"inLanguage\":\"nl-NL\"},{\"@type\":\"Organization\",\"@id\":\"https:\\\/\\\/www.ivir.nl\\\/#organization\",\"name\":\"Institute for Information Law\",\"alternateName\":\"IVIR\",\"url\":\"https:\\\/\\\/www.ivir.nl\\\/\",\"logo\":{\"@type\":\"ImageObject\",\"inLanguage\":\"nl-NL\",\"@id\":\"https:\\\/\\\/www.ivir.nl\\\/#\\\/schema\\\/logo\\\/image\\\/\",\"url\":\"https:\\\/\\\/www.ivir.nl\\\/publicaties\\\/download\\\/IVIR_2023_LOGO-hoog.svg\",\"contentUrl\":\"https:\\\/\\\/www.ivir.nl\\\/publicaties\\\/download\\\/IVIR_2023_LOGO-hoog.svg\",\"width\":1,\"height\":1,\"caption\":\"Institute for Information Law\"},\"image\":{\"@id\":\"https:\\\/\\\/www.ivir.nl\\\/#\\\/schema\\\/logo\\\/image\\\/\"},\"sameAs\":[\"https:\\\/\\\/x.com\\\/ivir_uva\",\"https:\\\/\\\/www.linkedin.com\\\/company\\\/institute-for-information-law-ivir-\\\/\",\"https:\\\/\\\/bsky.app\\\/profile\\\/ivir-uva.bsky.social\"]}]}<\/script>\n<!-- \/ Yoast SEO plugin. -->","yoast_head_json":{"title":"IViR Lecture Series - IVIR","robots":{"index":"index","follow":"follow","max-snippet":"max-snippet:-1","max-image-preview":"max-image-preview:large","max-video-preview":"max-video-preview:-1"},"canonical":"https:\/\/www.ivir.nl\/nl\/onderzoek\/ivir-lecture-series\/","og_locale":"nl_NL","og_type":"article","og_title":"IViR Lecture Series - IVIR","og_description":"IViR organiseert regelmatig lezingen waarin academici over hun onderzoek praten. Hieronder een overzicht van de gehouden lezingen sinds 2021. Deze lezingen worden meestal georganiseerd op vrijdagmiddag en zijn publiek toegankelijk in persoon of online. Wilt u op de hoogte blijven van aankomende lezingen? Meld u dan aan voor onze nieuwsbrief aan de onderkant van deze&hellip; Continue reading IViR Lecture Series","og_url":"https:\/\/www.ivir.nl\/nl\/onderzoek\/ivir-lecture-series\/","og_site_name":"IVIR","article_modified_time":"2026-03-02T10:52:24+00:00","twitter_card":"summary_large_image","twitter_site":"@ivir_uva","twitter_misc":{"Geschatte leestijd":"3 minuten"},"schema":{"@context":"https:\/\/schema.org","@graph":[{"@type":"WebPage","@id":"https:\/\/www.ivir.nl\/nl\/onderzoek\/ivir-lecture-series\/","url":"https:\/\/www.ivir.nl\/nl\/onderzoek\/ivir-lecture-series\/","name":"IViR Lecture Series - IVIR","isPartOf":{"@id":"https:\/\/www.ivir.nl\/#website"},"datePublished":"2021-05-12T08:38:03+00:00","dateModified":"2026-03-02T10:52:24+00:00","breadcrumb":{"@id":"https:\/\/www.ivir.nl\/nl\/onderzoek\/ivir-lecture-series\/#breadcrumb"},"inLanguage":"nl-NL","potentialAction":[{"@type":"ReadAction","target":["https:\/\/www.ivir.nl\/nl\/onderzoek\/ivir-lecture-series\/"]}]},{"@type":"BreadcrumbList","@id":"https:\/\/www.ivir.nl\/nl\/onderzoek\/ivir-lecture-series\/#breadcrumb","itemListElement":[{"@type":"ListItem","position":1,"name":"Home","item":"https:\/\/www.ivir.nl\/nl\/"},{"@type":"ListItem","position":2,"name":"Onderzoek","item":"https:\/\/www.ivir.nl\/nl\/onderzoek\/"},{"@type":"ListItem","position":3,"name":"IViR Lecture Series"}]},{"@type":"WebSite","@id":"https:\/\/www.ivir.nl\/#website","url":"https:\/\/www.ivir.nl\/","name":"IVIR","description":"Universiteit van Amsterdam","publisher":{"@id":"https:\/\/www.ivir.nl\/#organization"},"alternateName":"Institute for Information Law","potentialAction":[{"@type":"SearchAction","target":{"@type":"EntryPoint","urlTemplate":"https:\/\/www.ivir.nl\/?s={search_term_string}"},"query-input":{"@type":"PropertyValueSpecification","valueRequired":true,"valueName":"search_term_string"}}],"inLanguage":"nl-NL"},{"@type":"Organization","@id":"https:\/\/www.ivir.nl\/#organization","name":"Institute for Information Law","alternateName":"IVIR","url":"https:\/\/www.ivir.nl\/","logo":{"@type":"ImageObject","inLanguage":"nl-NL","@id":"https:\/\/www.ivir.nl\/#\/schema\/logo\/image\/","url":"https:\/\/www.ivir.nl\/publicaties\/download\/IVIR_2023_LOGO-hoog.svg","contentUrl":"https:\/\/www.ivir.nl\/publicaties\/download\/IVIR_2023_LOGO-hoog.svg","width":1,"height":1,"caption":"Institute for Information Law"},"image":{"@id":"https:\/\/www.ivir.nl\/#\/schema\/logo\/image\/"},"sameAs":["https:\/\/x.com\/ivir_uva","https:\/\/www.linkedin.com\/company\/institute-for-information-law-ivir-\/","https:\/\/bsky.app\/profile\/ivir-uva.bsky.social"]}]}},"_links":{"self":[{"href":"https:\/\/www.ivir.nl\/nl\/wp-json\/wp\/v2\/pages\/13661","targetHints":{"allow":["GET"]}}],"collection":[{"href":"https:\/\/www.ivir.nl\/nl\/wp-json\/wp\/v2\/pages"}],"about":[{"href":"https:\/\/www.ivir.nl\/nl\/wp-json\/wp\/v2\/types\/page"}],"author":[{"embeddable":true,"href":"https:\/\/www.ivir.nl\/nl\/wp-json\/wp\/v2\/users\/422"}],"replies":[{"embeddable":true,"href":"https:\/\/www.ivir.nl\/nl\/wp-json\/wp\/v2\/comments?post=13661"}],"version-history":[{"count":25,"href":"https:\/\/www.ivir.nl\/nl\/wp-json\/wp\/v2\/pages\/13661\/revisions"}],"predecessor-version":[{"id":29112,"href":"https:\/\/www.ivir.nl\/nl\/wp-json\/wp\/v2\/pages\/13661\/revisions\/29112"}],"up":[{"embeddable":true,"href":"https:\/\/www.ivir.nl\/nl\/wp-json\/wp\/v2\/pages\/1586"}],"wp:attachment":[{"href":"https:\/\/www.ivir.nl\/nl\/wp-json\/wp\/v2\/media?parent=13661"}],"curies":[{"name":"wp","href":"https:\/\/api.w.org\/{rel}","templated":true}]}}